{"id":132,"date":"2024-07-25T13:11:36","date_gmt":"2024-07-25T13:11:36","guid":{"rendered":"https:\/\/jfsx.work\/?page_id=132"},"modified":"2025-12-18T13:26:24","modified_gmt":"2025-12-18T13:26:24","slug":"flight-services","status":"publish","type":"page","link":"https:\/\/first-servicing-aviation.com\/de\/flight-services\/","title":{"rendered":"Pilotendienst"},"content":{"rendered":"<div class=\"et_pb_section_0 et_pb_section et_pb_fullwidth_section et_section_regular et_block_section\"><div class=\"et_pb_fullwidth_image_0 et_pb_fullwidth_image et_pb_module\"><img decoding=\"async\" src=\"https:\/\/first-servicing-aviation.com\/wp-content\/uploads\/2024\/07\/First-Servicing-Aviation-front.webp\" alt=\"First Servicing Aviation\" title=\"First Servicing Aviation\" width=\"1400\" height=\"300\" srcset=\"https:\/\/first-servicing-aviation.com\/wp-content\/uploads\/2024\/07\/First-Servicing-Aviation-front.webp 1400w, https:\/\/first-servicing-aviation.com\/wp-content\/uploads\/2024\/07\/First-Servicing-Aviation-front-1280x274.webp 1280w, https:\/\/first-servicing-aviation.com\/wp-content\/uploads\/2024\/07\/First-Servicing-Aviation-front-980x210.webp 980w, https:\/\/first-servicing-aviation.com\/wp-content\/uploads\/2024\/07\/First-Servicing-Aviation-front-480x103.webp 480w\" sizes=\"(min-width: 0px) and (max-width: 480px) 480px, (min-width: 481px) and (max-width: 980px) 980px, (min-width: 981px) and (max-width: 1280px) 1280px, (min-width: 1281px) 1400px, 100vw\" class=\"wp-image-71\" \/><\/div><\/div><div class=\"et_pb_section_1 et_pb_section et_section_regular et_block_section\"><div class=\"et_pb_row_0 et_pb_row et_block_row\"><div class=\"et_pb_column_0 et_pb_column et_pb_column_4_4 et-last-child et_block_column et_pb_css_mix_blend_mode_passthrough\"><div class=\"et_pb_text_0 et_pb_text et_pb_bg_layout_light et_pb_module et_flex_module\"><div class=\"et_pb_text_inner\"><h1>Flugdienstleistungen<\/h1>\n<p>Michael Esser and his team are at your disposal for various flight services as \"Pilot, Consultant, Trainer, NPFO - Flight Operations Manager\" on the aircraft types \"Falcon 900EX, Cessna Citation C560XL - C560XLS C560XLS+\". Further type ratings can be acquired if required.<\/p>\n<p><strong>Folgende T\u00e4tigkeiten k\u00f6nnen wir Ihnen anbieten:<\/strong><\/p>\n<ul>\n<li>Gewerbsm\u00e4\u00dfige Flugeins\u00e4tze<\/li>\n<li>SEP-Schulung (Sicherheits- und Notfalltraining)<\/li>\n<li>Kundenservice-Training f\u00fcr ihre Crews<\/li>\n<li>Interkulturelles-Training f\u00fcr ihre Crews<\/li>\n<li>CRM-Training<\/li>\n<li>Werksverkehr<\/li>\n<li>Private Flugeins\u00e4tze jeglicher Art<\/li>\n<li>Leerfl\u00fcge<\/li>\n<li>Medizinische- und technische Hilfsfl\u00fcge<\/li>\n<li>Technische \u00dcberf\u00fchrungsfl\u00fcge und Technische Abnahmefl\u00fcge<\/li>\n<li>Flugeins\u00e4tze in Kriegs- und Risikogebiete (Erfahrung hierbei ist ausreichend vorhanden um in diesem Rahmen eine sichere Flugdurchf\u00fchrung zu gew\u00e4hrleisten)<\/li>\n<\/ul>\n<\/div><\/div><\/div><\/div><div class=\"et_pb_row_1 et_pb_row et_block_row\"><div class=\"et_pb_column_1 et_pb_column et_pb_column_1_2 et_block_column et_pb_css_mix_blend_mode_passthrough\"><div class=\"et_pb_text_1 et_pb_text et_pb_bg_layout_light et_pb_module et_flex_module\"><div class=\"et_pb_text_inner\"><h2>Seminare, Trainings und Coaching<\/h2>\n<p>Our service in the area of \"mental motivation training &amp; coaching\" for your team is certainly exceptional.<\/p>\n<p><strong>Mentaltraining, Motivationstraining, Coaching<\/strong><\/p>\n<ul>\n<li>Mentales Coaching ihrer Flugbesatzungen (zu Gunsten der Flugsicherheit u. Wirtschaftlichkeit)<\/li>\n<li>Aufl\u00f6sung von \u00c4ngsten und Phobien Ihrer Passagiere<\/li>\n<li>Mental training for your company's team<\/li>\n<li>Motivations-Training<\/li>\n<li>Kundenservice-Training<\/li>\n<li>Interkulturelles-Training<\/li>\n<li>Verkaufs-Training<\/li>\n<\/ul>\n<p>Link Button<\/p>\n<\/div><\/div><\/div><div class=\"et_pb_column_2 et_pb_column et_pb_column_1_2 et-last-child et_block_column et_pb_css_mix_blend_mode_passthrough\"><div class=\"et_pb_text_2 et_pb_text et_pb_bg_layout_light et_pb_module et_flex_module\"><div class=\"et_pb_text_inner\"><h2>Kostenersparnis durch Outsourcing<\/h2>\n<p class=\"translation-block\">Unsere Dienstleistungen sind die perfekte Erg\u00e4nzung f\u00fcr Ihren Erfolg.<br>Der Freelancepilot ist eine deutliche Fixkostenersparnis.<\/p>\n<p><strong>Ihre Vorteile liegen auf der Hand:<\/strong><\/p>\n<ul>\n<li>Reduzierung Ihrer Crewkosten<\/li>\n<li>Kein Krankengeld<\/li>\n<li>Kein Pflegeversicherung<\/li>\n<li>Kein Rentenbeitrag<\/li>\n<li>Kein Urlaubsgeld<\/li>\n<li>Keine Urlaubstage<\/li>\n<li>Durch Freelance Piloten h\u00f6here Transparenz<\/li>\n<li>Durch einzigartige jahrzehnte lange VIP-Erfahrung besserer und gezielterer Kundenservice<\/li>\n<\/ul>\n<p>Durch den Freelancepilot wird der Nutzeneffekt auf der Pilotenebene erh\u00f6ht. Bei geringem Auftragsvolumen fallen keine Crewkosten an und bei erh\u00f6htem Auftragsvolumen steht Ihnen zumindest ein zus\u00e4tzlicher erfahrener Pilot zur Verf\u00fcgung.<\/p>\n<\/div><\/div><\/div><\/div><\/div>","protected":false},"excerpt":{"rendered":"","protected":false},"author":2,"featured_media":0,"parent":0,"menu_order":0,"comment_status":"closed","ping_status":"closed","template":"","meta":{"footnotes":""},"hf_cat_page":[],"class_list":["post-132","page","type-page","status-publish","hentry"],"_links":{"self":[{"href":"https:\/\/first-servicing-aviation.com\/de\/wp-json\/wp\/v2\/pages\/132","targetHints":{"allow":["GET"]}}],"collection":[{"href":"https:\/\/first-servicing-aviation.com\/de\/wp-json\/wp\/v2\/pages"}],"about":[{"href":"https:\/\/first-servicing-aviation.com\/de\/wp-json\/wp\/v2\/types\/page"}],"author":[{"embeddable":true,"href":"https:\/\/first-servicing-aviation.com\/de\/wp-json\/wp\/v2\/users\/2"}],"replies":[{"embeddable":true,"href":"https:\/\/first-servicing-aviation.com\/de\/wp-json\/wp\/v2\/comments?post=132"}],"version-history":[{"count":5,"href":"https:\/\/first-servicing-aviation.com\/de\/wp-json\/wp\/v2\/pages\/132\/revisions"}],"predecessor-version":[{"id":438,"href":"https:\/\/first-servicing-aviation.com\/de\/wp-json\/wp\/v2\/pages\/132\/revisions\/438"}],"wp:attachment":[{"href":"https:\/\/first-servicing-aviation.com\/de\/wp-json\/wp\/v2\/media?parent=132"}],"wp:term":[{"taxonomy":"hf_cat_page","embeddable":true,"href":"https:\/\/first-servicing-aviation.com\/de\/wp-json\/wp\/v2\/hf_cat_page?post=132"}],"curies":[{"name":"wp","href":"https:\/\/api.w.org\/{rel}","templated":true}]}}