{"id":194,"date":"2024-07-29T14:42:42","date_gmt":"2024-07-29T14:42:42","guid":{"rendered":"https:\/\/jfsx.work\/?page_id=194"},"modified":"2025-12-18T13:26:26","modified_gmt":"2025-12-18T13:26:26","slug":"about-the-captains","status":"publish","type":"page","link":"https:\/\/first-servicing-aviation.com\/de\/about-the-captains\/","title":{"rendered":"\u00dcber die Piloten"},"content":{"rendered":"<div class=\"et_pb_section_0 et_pb_section et_pb_fullwidth_section et_section_regular et_block_section\"><div class=\"et_pb_fullwidth_image_0 et_pb_fullwidth_image et_pb_module\"><img decoding=\"async\" src=\"https:\/\/first-servicing-aviation.com\/wp-content\/uploads\/2024\/07\/First-Servicing-Aviation-front.webp\" alt=\"First Servicing Aviation\" title=\"First Servicing Aviation\" width=\"1400\" height=\"300\" srcset=\"https:\/\/first-servicing-aviation.com\/wp-content\/uploads\/2024\/07\/First-Servicing-Aviation-front.webp 1400w, https:\/\/first-servicing-aviation.com\/wp-content\/uploads\/2024\/07\/First-Servicing-Aviation-front-1280x274.webp 1280w, https:\/\/first-servicing-aviation.com\/wp-content\/uploads\/2024\/07\/First-Servicing-Aviation-front-980x210.webp 980w, https:\/\/first-servicing-aviation.com\/wp-content\/uploads\/2024\/07\/First-Servicing-Aviation-front-480x103.webp 480w\" sizes=\"(min-width: 0px) and (max-width: 480px) 480px, (min-width: 481px) and (max-width: 980px) 980px, (min-width: 981px) and (max-width: 1280px) 1280px, (min-width: 1281px) 1400px, 100vw\" class=\"wp-image-71\" \/><\/div><\/div><div class=\"et_pb_section_1 et_pb_section et_section_regular et_block_section\"><div class=\"et_pb_row_0 et_pb_row et_block_row\"><div class=\"et_pb_column_0 et_pb_column et_pb_column_4_4 et-last-child et_block_column et_pb_css_mix_blend_mode_passthrough\"><div class=\"et_pb_text_0 et_pb_text et_pb_bg_layout_light et_pb_module et_flex_module\"><div class=\"et_pb_text_inner\"><h1>\u00dcber die Piloten<\/h1>\n<\/div><\/div><\/div><\/div><\/div><div class=\"et_pb_section_2 et_pb_section et_section_regular et_block_section\"><div class=\"et_pb_row_1 et_pb_row et_pb_equal_columns et_block_row\"><div class=\"et_pb_column_1 et_pb_column et_pb_column_1_2 et_block_column et_pb_css_mix_blend_mode_passthrough\"><div class=\"et_pb_image_0 et_pb_image et_pb_module et_flex_module\"><span class=\"et_pb_image_wrap\"><img decoding=\"async\" src=\"https:\/\/first-servicing-aviation.com\/wp-content\/uploads\/Cockpit-michael-esser-quer.webp\" alt=\"Michael Esser in the cockpit\" title=\"Cockpit-michael-esser-quer\" width=\"960\" height=\"720\" srcset=\"https:\/\/first-servicing-aviation.com\/wp-content\/uploads\/Cockpit-michael-esser-quer.webp 960w, https:\/\/first-servicing-aviation.com\/wp-content\/uploads\/Cockpit-michael-esser-quer-480x360.webp 480w\" sizes=\"(min-width: 0px) and (max-width: 480px) 480px, (min-width: 481px) 960px, 100vw\" class=\"wp-image-430\" \/><\/span><\/div><div class=\"et_pb_text_1 et_pb_text et_pb_bg_layout_light et_pb_module et_flex_module\"><div class=\"et_pb_text_inner\"><h2>\u00dcber den Pilot und Mental Coach<br \/>Michael Esser<\/h2>\n<p>Kapit\u00e4n Michael Esser und die First Servicing Aviation bieten Ihnen Erfahrung und Know-how als Kapit\u00e4n f\u00fcr VIP-Charterfl\u00fcge, Technikfl\u00fcge, medizinische Fl\u00fcge, \u00dcberf\u00fchrungsfl\u00fcge, Beraterflugbetrieb, CRM-Training, Kundentraining, Interkulturelles Training, SEP-Training sowie Seminare f\u00fcr Ihre Kunden zum Fliegen ohne Angst!<\/p>\n<h2>Erfahrung und KnowHow<\/h2>\n<p>Flugkapit\u00e4n Michael Esser hat weltweite Flugerfahrung inklusive Krisengebiete und NAT Track. Tausende von Flugstunden Erfahrung stehen f\u00fcr Flight Safety.<\/p>\n<p>Aktuelle Musterberechtigungen Falcon 900EX, Cessna Citation C560XL\/XLS\/XLSplus. Kapit\u00e4n Michael Esser ist f\u00fcr CAT II und CAT IIIa Anfl\u00fcge zugelassen.<\/p>\n<p>Mehr als 13.000 Stunden Flugerfahrung insgesamt.<\/p>\n<p>Mehr als 8000 Starts und Landungen.<\/p>\n<p>Keine Zwischenf\u00e4lle oder Unf\u00e4lle.<\/p>\n<p>More than 30 Years experience as Trainer - LTC - TRI - Safety and Emergency Procedure Training.<\/p>\n<p>More than 38 Jahre years experience as Pilot, Kapit\u00e4n, Linetrainer. Preperation of operating manuals for companies, flight department - training department - company policy.<\/p>\n<p>Activity as Flight Operation Manager\/Director Flight Operation according EASA Air Operatins - Flight Operations - Crew Training. Assigned as NPFO by LBA Germany.<\/p>\n<p>Erfahrung mit der Erteilung von Luftverkehrsbetreiberzeugnissen, RNP-Anfl\u00fcgen, Steilanfl\u00fcgen, der Verl\u00e4ngerung von Luftverkehrsbetreiberzeugnissen, CAT II- und CAT IIIa-Anfl\u00fcgen, erweiterter Flugbesatzung und weltweiten Genehmigungen.<br \/>\u00dcber den Pilot<\/p>\n<\/div><\/div><div class=\"et_pb_text_2 et_pb_text et_pb_bg_layout_light et_pb_module et_flex_module\"><div class=\"et_pb_text_inner\"><h2>Besondere Merkmale<\/h2>\n<p><strong>F\u00fcr Michael Esser beginnt die Flugsicherheit mit der mentalen St\u00e4rke der Piloten.<\/strong><\/p>\n<p>Er hat sich intensiv im Bereich Human Factors, wie CRM, PRM, weitergebildet und weiterentwickelt, <strong>mental motivation<\/strong> training and as a <strong>mental trainer<\/strong>. This is reported in detail on the homepage \"Mentaltraining-Esser.com\".<\/p>\n<\/div><\/div><\/div><div class=\"et_pb_column_2 et_pb_column et_pb_column_1_2 et-last-child et_block_column et_pb_css_mix_blend_mode_passthrough\"><div class=\"et_pb_image_1 et_pb_image et_pb_module et_flex_module\"><span class=\"et_pb_image_wrap\"><img decoding=\"async\" src=\"https:\/\/first-servicing-aviation.com\/wp-content\/uploads\/csm_Captian-Klaus-Talke_04c5b81697.jpg\" title=\"csm_Captian-Klaus-Talke_04c5b81697\" width=\"1100\" height=\"826\" srcset=\"https:\/\/first-servicing-aviation.com\/wp-content\/uploads\/csm_Captian-Klaus-Talke_04c5b81697.jpg 1100w, https:\/\/first-servicing-aviation.com\/wp-content\/uploads\/csm_Captian-Klaus-Talke_04c5b81697-980x736.jpg 980w, https:\/\/first-servicing-aviation.com\/wp-content\/uploads\/csm_Captian-Klaus-Talke_04c5b81697-480x360.jpg 480w\" sizes=\"(min-width: 0px) and (max-width: 480px) 480px, (min-width: 481px) and (max-width: 980px) 980px, (min-width: 981px) 1100px, 100vw\" class=\"wp-image-197\" \/><\/span><\/div><div class=\"et_pb_text_3 et_pb_text et_pb_bg_layout_light et_pb_module et_flex_module\"><div class=\"et_pb_text_inner\"><h2>\u00dcber den Pilot<br \/>Klaus Talke<\/h2>\n<\/div><\/div><\/div><\/div><\/div>","protected":false},"excerpt":{"rendered":"","protected":false},"author":2,"featured_media":0,"parent":0,"menu_order":0,"comment_status":"closed","ping_status":"closed","template":"","meta":{"footnotes":""},"hf_cat_page":[],"class_list":["post-194","page","type-page","status-publish","hentry"],"_links":{"self":[{"href":"https:\/\/first-servicing-aviation.com\/de\/wp-json\/wp\/v2\/pages\/194","targetHints":{"allow":["GET"]}}],"collection":[{"href":"https:\/\/first-servicing-aviation.com\/de\/wp-json\/wp\/v2\/pages"}],"about":[{"href":"https:\/\/first-servicing-aviation.com\/de\/wp-json\/wp\/v2\/types\/page"}],"author":[{"embeddable":true,"href":"https:\/\/first-servicing-aviation.com\/de\/wp-json\/wp\/v2\/users\/2"}],"replies":[{"embeddable":true,"href":"https:\/\/first-servicing-aviation.com\/de\/wp-json\/wp\/v2\/comments?post=194"}],"version-history":[{"count":9,"href":"https:\/\/first-servicing-aviation.com\/de\/wp-json\/wp\/v2\/pages\/194\/revisions"}],"predecessor-version":[{"id":442,"href":"https:\/\/first-servicing-aviation.com\/de\/wp-json\/wp\/v2\/pages\/194\/revisions\/442"}],"wp:attachment":[{"href":"https:\/\/first-servicing-aviation.com\/de\/wp-json\/wp\/v2\/media?parent=194"}],"wp:term":[{"taxonomy":"hf_cat_page","embeddable":true,"href":"https:\/\/first-servicing-aviation.com\/de\/wp-json\/wp\/v2\/hf_cat_page?post=194"}],"curies":[{"name":"wp","href":"https:\/\/api.w.org\/{rel}","templated":true}]}}