{"id":200,"date":"2024-07-29T14:58:34","date_gmt":"2024-07-29T14:58:34","guid":{"rendered":"https:\/\/jfsx.work\/?page_id=200"},"modified":"2025-12-18T13:26:26","modified_gmt":"2025-12-18T13:26:26","slug":"book-your-trainings","status":"publish","type":"page","link":"https:\/\/first-servicing-aviation.com\/de\/book-your-trainings\/","title":{"rendered":"Buchen Sie Ihre Trainings"},"content":{"rendered":"<div class=\"et_pb_section_0 et_pb_section et_pb_fullwidth_section et_section_regular et_block_section\"><div class=\"et_pb_fullwidth_image_0 et_pb_fullwidth_image et_pb_module\"><img decoding=\"async\" src=\"https:\/\/first-servicing-aviation.com\/wp-content\/uploads\/2024\/07\/First-Servicing-Aviation-front.webp\" alt=\"First Servicing Aviation\" title=\"First Servicing Aviation\" width=\"1400\" height=\"300\" srcset=\"https:\/\/first-servicing-aviation.com\/wp-content\/uploads\/2024\/07\/First-Servicing-Aviation-front.webp 1400w, https:\/\/first-servicing-aviation.com\/wp-content\/uploads\/2024\/07\/First-Servicing-Aviation-front-1280x274.webp 1280w, https:\/\/first-servicing-aviation.com\/wp-content\/uploads\/2024\/07\/First-Servicing-Aviation-front-980x210.webp 980w, https:\/\/first-servicing-aviation.com\/wp-content\/uploads\/2024\/07\/First-Servicing-Aviation-front-480x103.webp 480w\" sizes=\"(min-width: 0px) and (max-width: 480px) 480px, (min-width: 481px) and (max-width: 980px) 980px, (min-width: 981px) and (max-width: 1280px) 1280px, (min-width: 1281px) 1400px, 100vw\" class=\"wp-image-71\" \/><\/div><\/div><div class=\"et_pb_section_1 et_pb_section et_section_regular et_block_section\"><div class=\"et_pb_row_0 et_pb_row et_block_row\"><div class=\"et_pb_column_0 et_pb_column et_pb_column_4_4 et-last-child et_block_column et_pb_css_mix_blend_mode_passthrough\"><div class=\"et_pb_text_0 et_pb_text et_pb_bg_layout_light et_pb_module et_flex_module\"><div class=\"et_pb_text_inner\"><h1>Buchen Sie Ihre Trainings<\/h1>\n<\/div><\/div><\/div><\/div><div class=\"et_pb_row_1 et_pb_row et_pb_equal_columns et_pb_gutters2 et_block_row services-presentation preset--module--divi-row--83d8d836-5bcf-4623-b432-993655627785\"><div class=\"et_pb_column_1 et_pb_column et_pb_column_1_3 et_block_column et_pb_css_mix_blend_mode_passthrough et_clickable\"><div class=\"et_pb_image_0 et_pb_image et_pb_module et_flex_module\"><span class=\"et_pb_image_wrap\"><img decoding=\"async\" src=\"https:\/\/first-servicing-aviation.com\/wp-content\/uploads\/csm_book-your-training_b08d2f21d2.jpg\" title=\"csm_book-your-training_b08d2f21d2\" width=\"768\" height=\"384\" srcset=\"https:\/\/first-servicing-aviation.com\/wp-content\/uploads\/csm_book-your-training_b08d2f21d2.jpg 768w, https:\/\/first-servicing-aviation.com\/wp-content\/uploads\/csm_book-your-training_b08d2f21d2-480x240.jpg 480w\" sizes=\"(min-width: 0px) and (max-width: 480px) 480px, (min-width: 481px) 768px, 100vw\" class=\"wp-image-204\" \/><\/span><\/div><div class=\"et_pb_text_1 et_pb_text et_pb_bg_layout_light et_pb_module et_flex_module\"><div class=\"et_pb_text_inner\"><h3>Typ Bewertung<\/h3>\n<p>CitationXL\/XLS\/XLS+<\/p>\n<\/div><\/div><div class=\"et_pb_module et_pb_button_module_wrapper et_pb_button_0_wrapper preset--group--divi-button--divi-font--default_wrapper\"><a class=\"et_pb_button_0 et_pb_button et_pb_bg_layout_dark et_pb_module et_flex_module preset--group--divi-button--divi-font--default\" href=\"\">Mehr dar\u00fcber<\/a><\/div><\/div><div class=\"et_pb_column_2 et_pb_column et_pb_column_1_3 et_block_column et_pb_css_mix_blend_mode_passthrough\"><div class=\"et_pb_image_1 et_pb_image et_pb_module et_flex_module\"><span class=\"et_pb_image_wrap\"><img decoding=\"async\" src=\"https:\/\/first-servicing-aviation.com\/wp-content\/uploads\/csm_praesentation-michael-esser_018b591d0d.jpg\" title=\"csm_praesentation-michael-esser_018b591d0d\" width=\"768\" height=\"384\" srcset=\"https:\/\/first-servicing-aviation.com\/wp-content\/uploads\/csm_praesentation-michael-esser_018b591d0d.jpg 768w, https:\/\/first-servicing-aviation.com\/wp-content\/uploads\/csm_praesentation-michael-esser_018b591d0d-480x240.jpg 480w\" sizes=\"(min-width: 0px) and (max-width: 480px) 480px, (min-width: 481px) 768px, 100vw\" class=\"wp-image-207\" \/><\/span><\/div><div class=\"et_pb_text_2 et_pb_text et_pb_bg_layout_light et_pb_module et_flex_module\"><div class=\"et_pb_text_inner\"><h3>CRM Schulungen<\/h3>\n<p>Text ist in Arbeit<\/p>\n<\/div><\/div><div class=\"et_pb_module et_pb_button_module_wrapper et_pb_button_1_wrapper preset--group--divi-button--divi-font--default_wrapper\"><a class=\"et_pb_button_1 et_pb_button et_pb_bg_layout_dark et_pb_module et_flex_module preset--group--divi-button--divi-font--default\" href=\"\">Mehr dar\u00fcber<\/a><\/div><\/div><div class=\"et_pb_column_3 et_pb_column et_pb_column_1_3 et-last-child et_block_column et_pb_css_mix_blend_mode_passthrough\"><div class=\"et_pb_image_2 et_pb_image et_pb_module et_flex_module\"><span class=\"et_pb_image_wrap\"><img decoding=\"async\" src=\"https:\/\/first-servicing-aviation.com\/wp-content\/uploads\/csm_logos-michael-esser_b21cb8f239.jpg\" title=\"csm_logos-michael-esser_b21cb8f239\" width=\"768\" height=\"384\" srcset=\"https:\/\/first-servicing-aviation.com\/wp-content\/uploads\/csm_logos-michael-esser_b21cb8f239.jpg 768w, https:\/\/first-servicing-aviation.com\/wp-content\/uploads\/csm_logos-michael-esser_b21cb8f239-480x240.jpg 480w\" sizes=\"(min-width: 0px) and (max-width: 480px) 480px, (min-width: 481px) 768px, 100vw\" class=\"wp-image-206\" \/><\/span><\/div><div class=\"et_pb_text_3 et_pb_text et_pb_bg_layout_light et_pb_module et_flex_module\"><div class=\"et_pb_text_inner\"><h3>Gefahrgut<\/h3>\n<p>Text ist in Arbeit<\/p>\n<\/div><\/div><div class=\"et_pb_module et_pb_button_module_wrapper et_pb_button_2_wrapper preset--group--divi-button--divi-font--default_wrapper\"><a class=\"et_pb_button_2 et_pb_button et_pb_bg_layout_dark et_pb_module et_flex_module preset--group--divi-button--divi-font--default\" href=\"\">Mehr dar\u00fcber<\/a><\/div><\/div><\/div><div class=\"et_pb_row_2 et_pb_row et_pb_equal_columns et_pb_gutters2 et_block_row services-presentation preset--module--divi-row--83d8d836-5bcf-4623-b432-993655627785\"><div class=\"et_pb_column_4 et_pb_column et_pb_column_1_3 et_block_column et_pb_css_mix_blend_mode_passthrough et_clickable\"><div class=\"et_pb_image_3 et_pb_image et_pb_module et_flex_module\"><span class=\"et_pb_image_wrap\"><img decoding=\"async\" src=\"https:\/\/first-servicing-aviation.com\/wp-content\/uploads\/csm_ausblick-michael-esser_742622a4eb.jpg\" title=\"csm_ausblick-michael-esser_742622a4eb\" width=\"768\" height=\"384\" srcset=\"https:\/\/first-servicing-aviation.com\/wp-content\/uploads\/csm_ausblick-michael-esser_742622a4eb.jpg 768w, https:\/\/first-servicing-aviation.com\/wp-content\/uploads\/csm_ausblick-michael-esser_742622a4eb-480x240.jpg 480w\" sizes=\"(min-width: 0px) and (max-width: 480px) 480px, (min-width: 481px) 768px, 100vw\" class=\"wp-image-203\" \/><\/span><\/div><div class=\"et_pb_text_4 et_pb_text et_pb_bg_layout_light et_pb_module et_flex_module\"><div class=\"et_pb_text_inner\"><h2>FA \/ Erste-Hilfe-Kurs<\/h2>\n<p>Text ist in Arbeit<\/p>\n<\/div><\/div><div class=\"et_pb_module et_pb_button_module_wrapper et_pb_button_3_wrapper preset--group--divi-button--divi-font--default_wrapper\"><a class=\"et_pb_button_3 et_pb_button et_pb_bg_layout_dark et_pb_module et_flex_module preset--group--divi-button--divi-font--default\" href=\"\">Mehr dar\u00fcber<\/a><\/div><\/div><div class=\"et_pb_column_5 et_pb_column et_pb_column_1_3 et_block_column et_pb_css_mix_blend_mode_passthrough\"><div class=\"et_pb_image_4 et_pb_image et_pb_module et_flex_module\"><span class=\"et_pb_image_wrap\"><img decoding=\"async\" src=\"https:\/\/first-servicing-aviation.com\/wp-content\/uploads\/csm_ESET-Training-Michael-Esser_79c92485ee.jpg\" title=\"csm_ESET-Training-Michael-Esser_79c92485ee\" width=\"768\" height=\"384\" srcset=\"https:\/\/first-servicing-aviation.com\/wp-content\/uploads\/csm_ESET-Training-Michael-Esser_79c92485ee.jpg 768w, https:\/\/first-servicing-aviation.com\/wp-content\/uploads\/csm_ESET-Training-Michael-Esser_79c92485ee-480x240.jpg 480w\" sizes=\"(min-width: 0px) and (max-width: 480px) 480px, (min-width: 481px) 768px, 100vw\" class=\"wp-image-205\" \/><\/span><\/div><div class=\"et_pb_text_5 et_pb_text et_pb_bg_layout_light et_pb_module et_flex_module\"><div class=\"et_pb_text_inner\"><h3>ESET-Schulung<\/h3>\n<p>Text ist in Arbeit<\/p>\n<\/div><\/div><div class=\"et_pb_module et_pb_button_module_wrapper et_pb_button_4_wrapper preset--group--divi-button--divi-font--default_wrapper\"><a class=\"et_pb_button_4 et_pb_button et_pb_bg_layout_dark et_pb_module et_flex_module preset--group--divi-button--divi-font--default\" href=\"\">Mehr dar\u00fcber<\/a><\/div><\/div><div class=\"et_pb_column_6 et_pb_column et_pb_column_1_3 et-last-child et_block_column et_pb_column_empty et_pb_css_mix_blend_mode_passthrough\"><\/div><\/div><\/div><div class=\"et_pb_section_2 et_pb_section et_section_regular et_block_section\"><div class=\"et_pb_row_3 et_pb_row et_block_row\"><div class=\"et_pb_column_7 et_pb_column et_pb_column_4_4 et-last-child et_block_column et_pb_css_mix_blend_mode_passthrough\"><div class=\"et_pb_text_6 et_pb_text et_pb_bg_layout_light et_pb_module et_flex_module\"><div class=\"et_pb_text_inner\"><h2>CRM - Crew Resource Management<br \/>Typ Bewertungen\/FA<\/h2>\n<p>While more and more aircraft are flying more and more hours, the percentage of accidents caused by human error is constantly increasing. In the 1960s, the statistical proportion of accidents caused by \"human error\" was still around 50%; today it is around 80%. In the same period, however, accidents caused by technology and the environment fell in the statistics from around 20 to 30 percent to 10 percent or less. This means an increase of around 30% and more in the area of \"human errors\".<\/p>\n<p>Mit der Einf\u00fchrung von CRM-Kursen Anfang der 1990er Jahre, an denen Cpt. Michael Esser von Anfang an beteiligt war, wurde ein neuer Trend eingeleitet. Crews wurden in Psychologie, Menschenf\u00fchrung mit Gef\u00fchl und Kommunikation mit Emotion geschult, d.h. es wurde der Crew Resource Management Kurs entwickelt.<\/p>\n<p>Leider hat diese globale Neuausrichtung unserer Meinung nach noch nicht die gew\u00fcnschten positiven Auswirkungen auf die Unfallstatistiken gehabt. Einer der Gr\u00fcnde daf\u00fcr ist die eher willk\u00fcrliche Auswahl der Ausbilder ohne vorherige Eignungspr\u00fcfung. H\u00e4ufig wurden und werden reine Psychologen eingesetzt, die selbst noch nie ein Flugzeug geflogen haben, was alle Versuche eines effektiven Crew-Trainings zum Scheitern gebracht hat. Aus diesem Grund hat Kapit\u00e4n Michael Esser die Ausbildung zum Mentaltrainer aufgenommen und erfolgreich abgeschlossen. Denn Sicherheit im Cockpit beginnt bei der mentalen St\u00e4rke der Piloten und ihrem Wissen um das Zusammenspiel von bewussten und unbewussten Handlungen.<\/p>\n<\/div><\/div><\/div><\/div><div class=\"et_pb_row_4 et_pb_row et_block_row\"><div class=\"et_pb_column_8 et_pb_column et_pb_column_1_3 et_block_column et_pb_css_mix_blend_mode_passthrough\"><div class=\"et_pb_text_7 et_pb_text et_pb_bg_layout_light et_pb_module et_flex_module\"><div class=\"et_pb_text_inner\"><h3>\"What is crew resource management training?\"<\/h3>\n<p>Es ist ein Training f\u00fcr den effektiven Einsatz aller uns zur Verf\u00fcgung stehenden rationalen und emotionalen Ressourcen, um effizient und sicher die maximalen Ergebnisse eines Teams und Unternehmens zu erzielen.<\/p>\n<p><strong>Was bedeutet das im Einzelnen?<\/strong><\/p>\n<p>It is the combination of all the competencies of human skills and the associated source of error - the \"human factor\" - to reduce or even eliminate it.<\/p>\n<p>Hier setzt unser Training und der daraus resultierende Nutzen f\u00fcr Ihr Unternehmen und Ihr Team an!<br \/>Through the transmission of human functioning, we create an understanding of our participants' own abilities and the abilities of others.<\/p>\n<p>Through the process of change towards better situational awareness, the participant's source of error - the \"human factor\" - is reduced and leads to personality development and thus to the benefit of all!<\/p>\n<\/div><\/div><\/div><div class=\"et_pb_column_9 et_pb_column et_pb_column_1_3 et_block_column et_pb_css_mix_blend_mode_passthrough\"><div class=\"et_pb_text_8 et_pb_text et_pb_bg_layout_light et_pb_module et_flex_module\"><div class=\"et_pb_text_inner\"><h3>Ausbildung zum Crew Resource Management. Erreichen Sie Ihr Ziel mit diesem Inhalt:<\/h3>\n<ul>\n<li>Beziehen Sie alle verf\u00fcgbaren Ressourcen ein;<\/li>\n<li>Standardisierung von Verfahren, um Fehler zu erkennen und zu vermeiden;<\/li>\n<li>Wirksame Kommunikation;<\/li>\n<li>Einsatz von Briefings und Teamkonzepten;<br \/>Situationsbewusstsein und wie man es aufrechterh\u00e4lt;<\/li>\n<li>Handeln mit Situationsbewusstsein;<\/li>\n<li>Ein Modell zur optimalen Entscheidungsfindung;<br \/>F\u00fchrungsqualit\u00e4ten und ihre Merkmale f\u00fcr alle Teilnehmer;<\/li>\n<li>Checklisten, Kontroll- und Gegenkontrollverfahren;<\/li>\n<li>\u00dcberwachungstechniken;<\/li>\n<li>Die Bedeutung der M\u00fcdigkeit;<\/li>\n<li>Stressbew\u00e4ltigung:<\/li>\n<ul>\n<li>Rationaler Stress;<\/li>\n<li>Emotionaler Stress.<\/li>\n<\/ul>\n<\/ul>\n<\/div><\/div><\/div><div class=\"et_pb_column_10 et_pb_column et_pb_column_1_3 et-last-child et_block_column et_pb_css_mix_blend_mode_passthrough\"><div class=\"et_pb_text_9 et_pb_text et_pb_bg_layout_light et_pb_module et_flex_module\"><div class=\"et_pb_text_inner\"><p><strong>\"Human abilities?\"<\/strong><\/p>\n<p>Dessen bin ich mir bewusst. Ich wei\u00df, welche F\u00e4higkeiten ich habe, und ich bin mir der F\u00e4higkeiten meiner Mitarbeiter \/ meines Teams bewusst.<br \/>However, I'll be honest with myself. There have been times when I couldn't understand the reaction, behavior and working methods of one or other of my employees\/team colleagues and wasn't satisfied with their work results.<br \/>Let's imagine it like this. Each and every one of us is like a fingerprint and has our own habits.<br \/>Wir sind im Laufe unserer Karriere gepr\u00e4gt worden und reagieren daher alle unterschiedlich auf dieselbe Situation.<br \/>Kennen Sie das, wenn die Polizei sieben Zeugen eines Unfalls hat und jeder von ihnen eine andere Geschichte erz\u00e4hlt?<\/p>\n<p>Nur wenn wir uns selbst und das Zusammenspiel von rationalen und emotionalen Handlungen verstehen, k\u00f6nnen wir auch andere Menschen und ihre Handlungen besser verstehen.<\/p>\n<p><strong>\"How long does our Crew Resource Management Training seminar last?\"<\/strong><\/p>\n<p>Das erste Seminar dauert 2 Arbeitstage.<\/p>\n<p>Sie findet an einem neutralen Ort statt.<br \/>Wir empfehlen, diese Schulung jedes Jahr einen Tag lang fortzusetzen.<\/p>\n<p><strong>Selbstverst\u00e4ndlich f\u00fchren wir unser CRM-Seminar auch an einem Ort Ihrer Wahl durch und die Inhalte richten sich streng nach den gesetzlichen Richtlinien und Vorgaben.<\/strong><\/p>\n<\/div><\/div><\/div><\/div><\/div><div class=\"et_pb_section_3 et_pb_section et_section_regular et_block_section\"><div class=\"et_pb_row_5 et_pb_row et_block_row\"><div class=\"et_pb_column_11 et_pb_column et_pb_column_4_4 et-last-child et_block_column et_pb_css_mix_blend_mode_passthrough\"><div class=\"et_pb_text_10 et_pb_text et_pb_bg_layout_light et_pb_module et_flex_module\"><div class=\"et_pb_text_inner\"><h3>Geb\u00fchr<\/h3>\n<div><\/div>\n<div><strong>Geb\u00fchr:<\/strong>\u00a0Auf Anfrage<\/div>\n<div><strong>Termine der Seminare:<\/strong> Auf Anfrage<\/div>\n<div><\/div>\n<div><strong>Trainer:<\/strong>\u00a0Michael Esser<\/div>\n<div><\/div>\n<div><strong>Zus\u00e4tzliche Kosten:<\/strong><\/div>\n<div>Reise- und Unterkunftskosten (1 Zimmer und 3 N\u00e4chte) in einem geeigneten Hotel, Spesen und Seminarraum werden separat verrechnet.<\/div>\n<div>Die Unterkunftskosten f\u00fcr Ihre Mitarbeiter sind nicht in den Seminarkosten oder Zusatzkosten enthalten.<\/div>\n<\/div><\/div><\/div><\/div><\/div>","protected":false},"excerpt":{"rendered":"","protected":false},"author":2,"featured_media":0,"parent":0,"menu_order":0,"comment_status":"closed","ping_status":"closed","template":"","meta":{"footnotes":""},"hf_cat_page":[],"class_list":["post-200","page","type-page","status-publish","hentry"],"_links":{"self":[{"href":"https:\/\/first-servicing-aviation.com\/de\/wp-json\/wp\/v2\/pages\/200","targetHints":{"allow":["GET"]}}],"collection":[{"href":"https:\/\/first-servicing-aviation.com\/de\/wp-json\/wp\/v2\/pages"}],"about":[{"href":"https:\/\/first-servicing-aviation.com\/de\/wp-json\/wp\/v2\/types\/page"}],"author":[{"embeddable":true,"href":"https:\/\/first-servicing-aviation.com\/de\/wp-json\/wp\/v2\/users\/2"}],"replies":[{"embeddable":true,"href":"https:\/\/first-servicing-aviation.com\/de\/wp-json\/wp\/v2\/comments?post=200"}],"version-history":[{"count":7,"href":"https:\/\/first-servicing-aviation.com\/de\/wp-json\/wp\/v2\/pages\/200\/revisions"}],"predecessor-version":[{"id":443,"href":"https:\/\/first-servicing-aviation.com\/de\/wp-json\/wp\/v2\/pages\/200\/revisions\/443"}],"wp:attachment":[{"href":"https:\/\/first-servicing-aviation.com\/de\/wp-json\/wp\/v2\/media?parent=200"}],"wp:term":[{"taxonomy":"hf_cat_page","embeddable":true,"href":"https:\/\/first-servicing-aviation.com\/de\/wp-json\/wp\/v2\/hf_cat_page?post=200"}],"curies":[{"name":"wp","href":"https:\/\/api.w.org\/{rel}","templated":true}]}}