{"id":279,"date":"2024-08-01T07:02:51","date_gmt":"2024-08-01T07:02:51","guid":{"rendered":"https:\/\/jfsx.work\/?page_id=279"},"modified":"2025-12-18T13:26:28","modified_gmt":"2025-12-18T13:26:28","slug":"general-terms-and-conditions","status":"publish","type":"page","link":"https:\/\/first-servicing-aviation.com\/de\/general-terms-and-conditions\/","title":{"rendered":"Allgemeine Gesch\u00e4ftsbedingungen"},"content":{"rendered":"<div class=\"et_pb_section_0 et_pb_section et_section_regular et_block_section\"><div class=\"et_pb_row_0 et_pb_row et_block_row\"><div class=\"et_pb_column_0 et_pb_column et_pb_column_4_4 et-last-child et_block_column et_pb_css_mix_blend_mode_passthrough\"><div class=\"et_pb_text_0 et_pb_text et_pb_bg_layout_light et_pb_module et_flex_module\"><div class=\"et_pb_text_inner\"><h1>Allgemeine Gesch\u00e4ftsbedingungen<\/h1>\n<\/div><\/div><\/div><\/div><div class=\"et_pb_row_1 et_pb_row et_block_row\"><div class=\"et_pb_column_1 et_pb_column et_pb_column_4_4 et-last-child et_block_column et_pb_css_mix_blend_mode_passthrough\"><div class=\"et_pb_text_1 et_pb_text et_pb_bg_layout_light et_pb_module et_flex_module\"><div class=\"et_pb_text_inner\"><h2>1. Allgemeines<\/h2>\n<p>Die folgenden allgemeinen Gesch\u00e4ftsbedingungen gelten f\u00fcr alle Gesch\u00e4ftsbeziehungen zwischen uns und dem Kunden. Ma\u00dfgeblich ist jeweils die zum Zeitpunkt des Vertragsschlusses g\u00fcltige Fassung. Abweichende, entgegenstehende oder erg\u00e4nzende Allgemeine Gesch\u00e4ftsbedingungen werden, selbst bei Kenntnis, nicht Vertragsbestandteil, es sei denn, ihrer Geltung wird ausdr\u00fccklich schriftlich zugestimmt oder gefordert.<\/p>\n<p>Verbraucher im Sinne der Gesch\u00e4ftsbedingungen sind nat\u00fcrliche Personen, mit denen in Gesch\u00e4ftsbeziehung getreten wird, ohne dass diesen eine gewerbliche oder selbst\u00e4ndige berufliche T\u00e4tigkeit zugerechnet werden kann<\/p>\n<p>Unternehmer im Sinne der Gesch\u00e4ftsbedingungen sind nat\u00fcrliche oder juristische Personen oder rechtsf\u00e4hige Personengesellschaften, mit denen in Gesch\u00e4ftsbeziehung getreten wird und die in Aus\u00fcbung einer gewerblichen oder selbst\u00e4ndigen beruflichen T\u00e4tigkeit handeln.<\/p>\n<p>Kunde im Sinne der Gesch\u00e4ftsbedingungen sind sowohl Verbraucher als auch Unternehmer.<\/p>\n<\/div><\/div><\/div><\/div><div class=\"et_pb_row_2 et_pb_row et_block_row\"><div class=\"et_pb_column_2 et_pb_column et_pb_column_4_4 et-last-child et_block_column et_pb_css_mix_blend_mode_passthrough\"><div class=\"et_pb_text_2 et_pb_text et_pb_bg_layout_light et_pb_module et_flex_module\"><div class=\"et_pb_text_inner\"><h2>2. Vertragsabschluss bei Anmeldung<\/h2>\n<p>Mit dem Eingang der Seminaranmeldung per Post, per Telefon oder per Email, formlos, gilt die Teilnahme als verbindlich gebucht. Mit der Seminarbest\u00e4tigung informieren wir den Kunden \u00fcber den Eingang seiner Anmeldung unter Angabe der genauen Bezeichnung des Seminars, des Termins und des Seminarortes.<\/p>\n<p>Anmeldungen werden in der Reihenfolge ihres Eingangs ber\u00fccksichtigt.<\/p>\n<p>Das gebuchte Seminar ist keine Therapie im Heilkundigen Sinne. Die Seminarteilnehmer sind vor, w\u00e4hrend und nach dem Seminar selbst f\u00fcr sich verantwortlich. Der Kunde best\u00e4tigt mit der Anmeldung, dass er sich geistig und k\u00f6rperlich gesund f\u00fchlt und am Seminar teilnehmen kann.<\/p>\n<\/div><\/div><\/div><\/div><div class=\"et_pb_row_3 et_pb_row et_block_row\"><div class=\"et_pb_column_3 et_pb_column et_pb_column_4_4 et-last-child et_block_column et_pb_css_mix_blend_mode_passthrough\"><div class=\"et_pb_text_3 et_pb_text et_pb_bg_layout_light et_pb_module et_flex_module\"><div class=\"et_pb_text_inner\"><h2>3. Teilnahmegeb\u00fchren<\/h2>\n<p>Die Seminargeb\u00fchr wird f\u00e4llig nach Erhalt der Anmeldebest\u00e4tigung oder wie schriftlich vereinbart. Die Verbraucher tragen ihre \u00dcbernachtungs- und Verpflegungskosten selbst.<\/p>\n<p>Bei Teilzahlungsvereinbarung ist die Anzahlung in der vereinbarten H\u00f6he nach Erhalt der Seminarbest\u00e4tigung f\u00e4llig. Die vereinbarten laufenden Teilzahlungsraten sind ab dem zweiten Monat nach Zustandekommen des Vertrags jeweils zum 01. des Folgemonats f\u00e4llig. Bei versp\u00e4teter Zahlung werden Zinsen in H\u00f6he von 5% \u00fcber dem jeweiligen Diskontsatz erhoben.<\/p>\n<p>F\u00fcr Mahnungen wird au\u00dferdem eine Mahn- und Bearbeitungsgeb\u00fchr von EUR 5 pro Mahnung erhoben.<\/p>\n<\/div><\/div><\/div><\/div><div class=\"et_pb_row_4 et_pb_row et_block_row\"><div class=\"et_pb_column_4 et_pb_column et_pb_column_4_4 et-last-child et_block_column et_pb_css_mix_blend_mode_passthrough\"><div class=\"et_pb_text_4 et_pb_text et_pb_bg_layout_light et_pb_module et_flex_module\"><div class=\"et_pb_text_inner\"><h2>4. Stornierung und Geld-Zur\u00fcck-Garantie<\/h2>\n<h3>4.1. Stornierung durch den Verbraucher <\/h3>\n<p>Ein R\u00fccktritt vom Seminar ist nur schriftlich, bei Anmeldung \u00fcber das Internet, auch per E-Mail m\u00f6glich. Er kann kostenfrei bis 30 Tage vor dem in der Seminaranmeldung angegebenen Seminartermin erfolgen. Bei Absage bis f\u00fcnfzehn Tage vor Seminarbeginn werden 50 Prozent der Teilnahmegeb\u00fchr f\u00e4llig. Bei sp\u00e4terer Absage oder Nichterscheinen wird die volle Seminargeb\u00fchr erhoben.\n\nAusgenommen von dieser K\u00fcndigungsregel sind die Seminarbuchungen gem\u00e4\u00df Sondertarife und die Buchungen f\u00fcr Verbraucher, die Seminare wiederholen. Hier steht dem Kunden lediglich die gesetzliche 14-t\u00e4gige Widerruffrist zu.<\/p>\n<p>Ausgenommen von dieser K\u00fcndigungsregel sind die Seminarbuchungen gem\u00e4\u00df Sondertarife und die Buchungen f\u00fcr Verbraucher, die Seminare wiederholen. Hier steht dem Kunden lediglich die gesetzliche 14-t\u00e4gige Widerruffrist zu.<\/p>\n<h3>4.2. Geld-zur\u00fcck-Garantie: <\/h3>\n<p>Sollte der Verbraucher mit unseren Seminaren, IML Power Tag mit Feuerlauf, das menschliche Leistungsverm\u00f6gen und seine (vermeintlichen) Grenzen mit YOGA, unsere Seminarreihe -werde Frei-, -Du bist Frei- und -bleibe Frei- unzufrieden sein, so erstatten wir die Seminargeb\u00fchr vollumf\u00e4nglich zur\u00fcck. Die bereits gebuchten Seminare - du bist FREI- und -bleibe FREI- kann der Verbraucher in diesem Fall stornieren, ohne dass dem Verbraucher irgendwelche Kosten entstehen. Voraussetzung ist, dass der Verbraucher unsere Methoden wie unterrichtet eingesetzt hat und sich dennoch keine positiven Ver\u00e4nderungen einstellen.<\/p>\n<p>Sobald der Verbraucher mitteilt, dass er von der Geld-zur\u00fcck-Garantie Gebrauch machen m\u00f6chte, erh\u00e4lt er ein Formular zugeschickt, das er komplett ausgef\u00fcllt an uns zur\u00fcck sendet. Wir behalten uns vor, die Angaben hinsichtlich der Richtigkeit pers\u00f6nlich auszutesten.<\/p>\n<p>Es gelten zus\u00e4tzlich die jeweiligen, gesondert angegebenen Garantie- oder Seminarbedingungen.<\/p>\n<\/div><\/div><\/div><\/div><div class=\"et_pb_row_5 et_pb_row et_block_row\"><div class=\"et_pb_column_5 et_pb_column et_pb_column_4_4 et-last-child et_block_column et_pb_css_mix_blend_mode_passthrough\"><div class=\"et_pb_text_5 et_pb_text et_pb_bg_layout_light et_pb_module et_flex_module\"><div class=\"et_pb_text_inner\"><h2>5. Widerrufrecht<\/h2>\n<h3>5.1<\/h3>\n<p>Verbraucher sind berechtigt, ihre auf den Abschluss eines Vertrages, der zwischen uns und dem Verbraucher unter ausschlie\u00dflicher Verwendung von Fernkommunikationsmitteln abgeschlossen wird, gerichtete Willenserkl\u00e4rung innerhalb von zwei Wochen zu widerrufen. Die Widerruffrist beginnt bei der Lieferung von Waren mit dem Tag des Wareneingangs beim Empf\u00e4nger und bei Dienstleistungen mit dem Tag des Vertragsabschlusses. Die Widerruffrist beginnt aber nicht, bevor wir unseren gesetzlichen Informationspflichten nachgekommen sind.<\/p>\n<h3>5.2<\/h3>\n<p class=\"translation-block\">Verbraucher sind berechtigt, ihre auf den Abschluss eines Vertrages, der zwischen uns und dem Verbraucher unter ausschlie\u00dflicher Verwendung von Fernkommunikationsmitteln abgeschlossen wird, gerichtete Willenserkl\u00e4rung innerhalb von zwei Wochen zu widerrufen. Die Widerruffrist beginnt bei der Lieferung von Waren mit dem Tag des Wareneingangs beim Empf\u00e4nger und bei Dienstleistungen mit dem Tag des Vertragsabschlusses. Die Widerruffrist beginnt aber nicht, bevor wir unseren gesetzlichen Informationspflichten nachgekommen sind.<\/p>\n<p>MICHAEL ESSER SEMINARS &amp; FIRST SERVICING AVIATION<br \/>INSTITUTE FOR MAXIMUM PERFORMANCE &amp; FLIGHT SERVICES <br \/>MICHAEL ESSER \/ AM STEINENBERG 10 \/ 70329 STUTTGART<br \/>GERMANY<\/p>\n<h3>5.3<\/h3>\n<p class=\"translation-block\">F\u00fcr den Fall des fristgerechten Widerrufs seiner Willenserkl\u00e4rung ist der\nVerbraucher nicht mehr an seine auf den Abschluss eines Vertrages mit uns gerichtete Willenserkl\u00e4rung gebunden. Die Ware ist sofort nach Aus\u00fcbung des Widerrufrechts auf unsere Kosten und Gefahr an uns zur\u00fcckzusenden, wenn der Widerruf nicht bereits durch R\u00fccksendung ausge\u00fcbt wurde. Bei Bestellungen bis zu einem Betrag von 40,00 EUR hat jedoch der Verbraucher die Kosten der regelm\u00e4\u00dfigen R\u00fccksendung zu tragen, es sei denn, dass die gelieferte Ware nicht der bestellten Ware entspricht.<\/p>\n<h3>5.4<\/h3>\n<p class=\"translation-block\">Eine Verpflichtung zur R\u00fccksendung besteht nicht, wenn die Ware nicht\ndurch Paket versandt werden kann. In diesem Fall werden wir die Ware abholen lassen.<\/p>\n<h3>5.5<\/h3>\n<p class=\"translation-block\">Das Widerrufrecht besteht mangels anderer Vereinbarung und unbeschadet anderer gesetzlicher Bestimmungen u. a. nicht bei Vertr\u00e4gen:\nZur Lieferung von Waren, die nach Kundenspezifikation angefertigt werden oder eindeutig auf die pers\u00f6nlichen Bed\u00fcrfnisse zugeschnitten sind oder die aufgrund ihrer Beschaffenheit nicht f\u00fcr eine R\u00fccksendung geeignet sind oder zur Lieferung von Audio- oder Videoaufzeichnungen oder von Software, sofern die gelieferten Datentr\u00e4ger vom Verbraucher entsiegelt worden sind. \nBei einer Dienstleistung erlischt das Widerrufs recht auch, wenn wir mit der Ausf\u00fchrung der Dienstleistung mit ausdr\u00fccklicher Zustimmung des Verbrauchers vor Ende der Widerrufsfrist begonnen haben oder der Verbraucher diese selbst veranlasst hat.<\/p>\n<\/div><\/div><\/div><\/div><div class=\"et_pb_row_6 et_pb_row et_block_row\"><div class=\"et_pb_column_6 et_pb_column et_pb_column_4_4 et-last-child et_block_column et_pb_css_mix_blend_mode_passthrough\"><div class=\"et_pb_text_6 et_pb_text et_pb_bg_layout_light et_pb_module et_flex_module\"><div class=\"et_pb_text_inner\"><h2>6. Unterkunft und Verpflegung<\/h2>\n<p>F\u00fcr Unterkunft und Verpflegung ist der Verbraucher selbst verantwortlich. Die Buchung von Unterk\u00fcnften kann nach R\u00fccksprache auch von MICHAEL ESSER SEMINARE &amp; FIRST SERVICING AVIATION dem Institut f\u00fcr maximale Leistung vorgenommen werden. Die Abrechnung der Unterbringungskosten erfolgt zwischen Hotel und Teilnehmer.<\/p>\n<\/div><\/div><\/div><\/div><div class=\"et_pb_row_7 et_pb_row et_block_row\"><div class=\"et_pb_column_7 et_pb_column et_pb_column_4_4 et-last-child et_block_column et_pb_css_mix_blend_mode_passthrough\"><div class=\"et_pb_text_7 et_pb_text et_pb_bg_layout_light et_pb_module et_flex_module\"><div class=\"et_pb_text_inner\"><h2>7. Terminverschiebungen<\/h2>\n<p>Sollten aus irgendwelchen Gr\u00fcnden Termine seitens Michael Esser Seminare \/ First Servicing Aviation \/ Institut f\u00fcr maximale Leistung verschoben werden m\u00fcssen, so hat der Verbraucher keinen Anspruch auf Schadensersatz. Bereits bezahlte Seminargeb\u00fchren werden in voller H\u00f6he zur\u00fcckerstattet oder auf Wunsch auf Folgetermine angerechnet.<\/p>\n<\/div><\/div><\/div><\/div><div class=\"et_pb_row_8 et_pb_row et_block_row\"><div class=\"et_pb_column_8 et_pb_column et_pb_column_4_4 et-last-child et_block_column et_pb_css_mix_blend_mode_passthrough\"><div class=\"et_pb_text_8 et_pb_text et_pb_bg_layout_light et_pb_module et_flex_module\"><div class=\"et_pb_text_inner\"><h2>8. Urheberrecht und Bildmaterial<\/h2>\n<p class=\"translation-block\">Die Inhalte unserer Seminare d\u00fcrfen weder an Dritte weitergegeben werden, noch d\u00fcrfen sie kopiert vervielf\u00e4ltigt oder auf Datentr\u00e4ger oder anderen Medien gespeichert werden. Ebenso ist es untersagt, die Inhalte, Geschichten, Texte und \u00dcbungen f\u00fcr eigene Zwecke in Seminaren, Kursen oder anderweitig einzusetzen, ohne ausdr\u00fcckliche, schriftliche Genehmigung. \nDer Verbraucher ist damit einverstanden, dass Bildaufnahmen aus den Seminaren f\u00fcr Werbema\u00dfnahmen wie Brosch\u00fcren, Prospekten oder auf unserer Homepage verwendet werden k\u00f6nnen.<\/p>\n<\/div><\/div><\/div><\/div><div class=\"et_pb_row_9 et_pb_row et_block_row\"><div class=\"et_pb_column_9 et_pb_column et_pb_column_4_4 et-last-child et_block_column et_pb_css_mix_blend_mode_passthrough\"><div class=\"et_pb_text_9 et_pb_text et_pb_bg_layout_light et_pb_module et_flex_module\"><div class=\"et_pb_text_inner\"><h2>9. Haftungsbeschr\u00e4nkung<\/h2>\n<p>Michael Esser Seminare\/First Servicing Aviation das Institut f\u00fcr maximale Leistung haftet nicht f\u00fcr Verluste oder Besch\u00e4digung mitgebrachter Gegenst\u00e4nde auf Veranstaltungen, es sei denn, der Verlust oder die Besch\u00e4digung dieser Gegenst\u00e4nde ist auf vors\u00e4tzliches oder grob fahrl\u00e4ssiges Verhalten von unseren Angestellten oder sonstigen Erf\u00fcllungsgehilfen zur\u00fcckzuf\u00fchren. Wir m\u00f6chten Sie daher bitten, in den Pausen keine Wertgegenst\u00e4nde oder wichtige Materialien im Tagungsraum zur\u00fcckzulassen.<\/p>\n<\/div><\/div><\/div><\/div><div class=\"et_pb_row_10 et_pb_row et_block_row\"><div class=\"et_pb_column_10 et_pb_column et_pb_column_4_4 et-last-child et_block_column et_pb_css_mix_blend_mode_passthrough\"><div class=\"et_pb_text_10 et_pb_text et_pb_bg_layout_light et_pb_module et_flex_module\"><div class=\"et_pb_text_inner\"><h2>10. Datenschutz<\/h2>\n<p class=\"translation-block\">Der Verbraucher ist \u00fcber Art, Umfang, Ort und Zweck der Erhebung, Verarbeitung und Nutzung der f\u00fcr die Abwicklung erforderlichen personenbezogenen Daten sowie \u00fcber sein Widerspruchsrecht zur Verwendung seines anonymisierten Nutzungsprofils f\u00fcr Zwecke der Werbung, der Marktforschung und zur bedarfsgerechten Gestaltung des Dienstes ausf\u00fchrlich unterrichtet worden.\nDer Verbraucher stimmt der Erhebung, Verarbeitung und Nutzung personenbezogener Daten ausdr\u00fccklich zu. Ihm steht das Recht auf jederzeitigen Widerruf der Einwilligung mit Wirkung f\u00fcr die Zukunft zu.<\/p>\n<\/div><\/div><\/div><\/div><div class=\"et_pb_row_11 et_pb_row et_block_row\"><div class=\"et_pb_column_11 et_pb_column et_pb_column_4_4 et-last-child et_block_column et_pb_css_mix_blend_mode_passthrough\"><div class=\"et_pb_text_11 et_pb_text et_pb_bg_layout_light et_pb_module et_flex_module\"><div class=\"et_pb_text_inner\"><h2>11. Schlussbestimmungen<\/h2>\n<p>Es gilt das Recht der Bundesrepublik Deutschland. Bei Verbrauchern, die den Vertrag nicht zu beruflichen oder gewerblichen Zwecken abschlie\u00dfen, gilt diese Rechtswahl nur insoweit, als nicht der gewahrte Schutz durch zwingende Bestimmungen des Rechts des Staates, in dem der Verbraucher seinen gew\u00f6hnlichen Aufenthalt hat, entzogen wird.<\/p>\n<p>Gesch\u00e4ftsbedingungen ganz oder teilweise unwirksam werden, so sind diese durch eine Wirksame zu ersetzen.<\/p>\n<p>M\u00fcndliche Nebenabreden wurden nicht getroffen.<\/p>\n<p>Sollten einzelne Bestimmungen des Vertrags mit dem Kunden einschlie\u00dflich dieser Allgemeinen Gesch\u00e4ftsbedingungen ganz oder teilweise unwirksam werden, so sind diese durch eine Wirksame zu ersetzen.<\/p>\n<\/div><\/div><\/div><\/div><\/div>","protected":false},"excerpt":{"rendered":"","protected":false},"author":2,"featured_media":0,"parent":0,"menu_order":0,"comment_status":"closed","ping_status":"closed","template":"","meta":{"footnotes":""},"hf_cat_page":[],"class_list":["post-279","page","type-page","status-publish","hentry"],"_links":{"self":[{"href":"https:\/\/first-servicing-aviation.com\/de\/wp-json\/wp\/v2\/pages\/279","targetHints":{"allow":["GET"]}}],"collection":[{"href":"https:\/\/first-servicing-aviation.com\/de\/wp-json\/wp\/v2\/pages"}],"about":[{"href":"https:\/\/first-servicing-aviation.com\/de\/wp-json\/wp\/v2\/types\/page"}],"author":[{"embeddable":true,"href":"https:\/\/first-servicing-aviation.com\/de\/wp-json\/wp\/v2\/users\/2"}],"replies":[{"embeddable":true,"href":"https:\/\/first-servicing-aviation.com\/de\/wp-json\/wp\/v2\/comments?post=279"}],"version-history":[{"count":5,"href":"https:\/\/first-servicing-aviation.com\/de\/wp-json\/wp\/v2\/pages\/279\/revisions"}],"predecessor-version":[{"id":445,"href":"https:\/\/first-servicing-aviation.com\/de\/wp-json\/wp\/v2\/pages\/279\/revisions\/445"}],"wp:attachment":[{"href":"https:\/\/first-servicing-aviation.com\/de\/wp-json\/wp\/v2\/media?parent=279"}],"wp:term":[{"taxonomy":"hf_cat_page","embeddable":true,"href":"https:\/\/first-servicing-aviation.com\/de\/wp-json\/wp\/v2\/hf_cat_page?post=279"}],"curies":[{"name":"wp","href":"https:\/\/api.w.org\/{rel}","templated":true}]}}