{"id":28,"date":"2024-07-16T16:58:37","date_gmt":"2024-07-16T16:58:37","guid":{"rendered":"https:\/\/jfsx.work\/?page_id=28"},"modified":"2025-12-19T09:58:31","modified_gmt":"2025-12-19T09:58:31","slug":"first-servicing-aviation","status":"publish","type":"page","link":"https:\/\/first-servicing-aviation.com\/de\/","title":{"rendered":"First Servicing Aviation"},"content":{"rendered":"<div class=\"et_pb_section_0 et_pb_section et_pb_fullwidth_section et_section_regular et_block_section\">\n<div class=\"et_pb_fullwidth_image_0 et_pb_fullwidth_image et_pb_module\"><img decoding=\"async\" src=\"https:\/\/first-servicing-aviation.com\/wp-content\/uploads\/2024\/07\/First-Servicing-Aviation-front.webp\" width=\"1400\" height=\"300\" srcset=\"https:\/\/first-servicing-aviation.com\/wp-content\/uploads\/2024\/07\/First-Servicing-Aviation-front.webp 1400w, https:\/\/first-servicing-aviation.com\/wp-content\/uploads\/2024\/07\/First-Servicing-Aviation-front-1280x274.webp 1280w, https:\/\/first-servicing-aviation.com\/wp-content\/uploads\/2024\/07\/First-Servicing-Aviation-front-980x210.webp 980w, https:\/\/first-servicing-aviation.com\/wp-content\/uploads\/2024\/07\/First-Servicing-Aviation-front-480x103.webp 480w\" sizes=\"(min-width: 0px) and (max-width: 480px) 480px, (min-width: 481px) and (max-width: 980px) 980px, (min-width: 981px) and (max-width: 1280px) 1280px, (min-width: 1281px) 1400px, 100vw\" class=\"wp-image-71\" title=\"First Servicing Aviation\" alt=\"First Servicing Aviation\" \/><\/div>\n<\/div>\n\n<div class=\"et_pb_section_1 et_pb_section et_section_regular et_block_section\">\n<div class=\"et_pb_row_0 et_pb_row et_block_row\">\n<div class=\"et_pb_column_0 et_pb_column et_pb_column_4_4 et-last-child et_block_column et_pb_css_mix_blend_mode_passthrough\">\n<div class=\"et_pb_text_0 et_pb_text et_pb_bg_layout_light et_pb_module et_block_module\"><div class=\"et_pb_text_inner\"><h1><strong>First Servicing Aviation<\/strong><\/h1>\n<p>Kompetenz von Anfang an<\/p>\n<\/div><\/div>\n<\/div>\n<\/div>\n<\/div>\n\n<div class=\"et_pb_section_2 et_pb_section et_section_regular et_block_section\">\n<div class=\"et_pb_row_1 et_pb_row et_pb_equal_columns et_block_row\">\n<div class=\"et_pb_column_1 et_pb_column et_pb_column_1_2 et_block_column et_pb_css_mix_blend_mode_passthrough\">\n<div class=\"et_pb_text_1 et_pb_text et_pb_bg_layout_light et_pb_module et_block_module\"><div class=\"et_pb_text_inner\"><h2>Ein herzliches Willkommen<\/h2>\n<p>Wir begr\u00fc\u00dfen Sie auf unserer Website und laden Sie ein, sich ausf\u00fchrlich \u00fcber unsere verschiedenen Flugdienste und Schulungen zu informieren.<br \/>Wir m\u00f6chten diese Gelegenheit nutzen, um Ihnen vorstellen <a href=\"\/de\/about-the-captains\/\">Kapit\u00e4n Michael Esser und Klaus Talke.<\/a><\/p>\n<\/div><\/div>\n<\/div>\n\n<div class=\"et_pb_column_2 et_pb_column et_pb_column_1_2 et-last-child et_block_column et_pb_css_mix_blend_mode_passthrough\">\n<div class=\"et_pb_text_2 et_pb_text et_pb_bg_layout_light et_pb_module et_block_module\"><div class=\"et_pb_text_inner\"><h2>Ihre Vorteile<\/h2>\n<p>Wenn Sie Captain Michael Esser von First Servicing Aviation mit seiner 38-j\u00e4hrigen Flugerfahrung beauftragen, sparen Sie enorme Lohnnebenkosten. Sie nutzen unseren Service nur dann, wenn ein echter Bedarf besteht. Das Ergebnis ist eine deutliche Steigerung der Flugzeugauslastung, die Durchf\u00fchrung von Schulungen und Einsparungen bei den Fixkosten.<\/p>\n<\/div><\/div>\n<\/div>\n<\/div>\n\n<div class=\"et_pb_row_2 et_pb_row et_block_row\">\n<div class=\"et_pb_column_3 et_pb_column et_pb_column_1_2 et_block_column et_pb_css_mix_blend_mode_passthrough\">\n<div class=\"et_pb_text_3 et_pb_text et_pb_bg_layout_light et_pb_module et_block_module\"><div class=\"et_pb_text_inner\"><h2>Erfahrung und Kompetenz in der Luftfahrt<\/h2>\n<p>Eine unserer Kernkompetenzen im Bereich First Servicing Aviation ist die Bereitstellung von Kapit\u00e4n Michael Esser auf Falcon 900EX, Cessna Citation Excel XL, XLS, XLS+, NPFO Director Flight Operations und ma\u00dfgeschneiderten Trainings f\u00fcr Ihr Unternehmen, um Flugsicherheit, Passagierkomfort und Wirtschaftlichkeit zu erh\u00f6hen.<\/p>\n<p>Sie brauchen einen kompetenten Flugkapit\u00e4n, einen vom deutschen LBA zugelassenen Flugbetriebsleiter, einen Ausbilder und Berater in allen Fragen des Flugbetriebs, der durch seine Erfahrung die Flugsicherheit und den Passagierkomfort erh\u00f6ht?<\/p>\n<\/div><\/div>\n<\/div>\n\n<div class=\"et_pb_column_4 et_pb_column et_pb_column_1_2 et-last-child et_block_column et_pb_css_mix_blend_mode_passthrough\">\n<div class=\"et_pb_text_4 et_pb_text et_pb_bg_layout_light et_pb_module et_block_module\"><div class=\"et_pb_text_inner\"><h2>Flugsicherheit<\/h2>\n<p>Flight Safety begins with the mental strenght and training of the pilots as well as strictly adherence of SOP's and regulations. In case of stressful situations, the correct decision and reaction is crucial.<\/p>\n<\/div><\/div>\n\n<div class=\"et_pb_text_5 et_pb_text et_pb_bg_layout_light et_pb_module et_block_module\"><div class=\"et_pb_text_inner\"><h2>Flugangst abbauen<\/h2>\n<p>Flugangst l\u00e4sst sich meist mit der richtigen Strategie \u00fcberwinden. Dieser besondere Service von Kapit\u00e4n Michael Esser und der First Servicing Aviation macht den Flug f\u00fcr Ihre Passagiere entspannt und komfortabel.<\/p>\n<\/div><\/div>\n<\/div>\n<\/div>\n<\/div>\n\n<div class=\"et_pb_section_3 et_pb_section et_section_regular et_flex_section\">\n<div class=\"et_pb_row_3 et_pb_row et_flex_row\">\n<div class=\"et_pb_column_5 et_pb_column et-last-child et_flex_column et_pb_css_mix_blend_mode_passthrough et_flex_column_24_24 et_flex_column_24_24_tablet et_flex_column_24_24_phone\">\n<div class=\"et_pb_group_0 et_pb_group et_pb_module et_flex_group et_pb_css_mix_blend_mode_passthrough card-group\">\n<div class=\"et_pb_image_0 et_pb_image et_pb_module et_flex_module\"><span class=\"et_pb_image_wrap\"><img decoding=\"async\" src=\"https:\/\/first-servicing-aviation.com\/wp-content\/uploads\/csm_ausblick-michael-esser_f4fb7bf49d.jpg\" alt=\"First Servicing Aviation Pilot Service\" title=\"First Servicing Aviation Pilot Service\" width=\"352\" height=\"199\" srcset=\"https:\/\/first-servicing-aviation.com\/wp-content\/uploads\/csm_ausblick-michael-esser_f4fb7bf49d.jpg 352w, https:\/\/first-servicing-aviation.com\/wp-content\/uploads\/csm_ausblick-michael-esser_f4fb7bf49d-300x170.jpg 300w, https:\/\/first-servicing-aviation.com\/wp-content\/uploads\/csm_ausblick-michael-esser_f4fb7bf49d-18x10.jpg 18w\" sizes=\"(max-width: 352px) 100vw, 352px\" class=\"wp-image-183\" \/><\/span><\/div>\n\n<div class=\"et_pb_text_6 et_pb_text et_pb_bg_layout_light et_pb_module et_flex_module\"><div class=\"et_pb_text_inner\"><h3>Pilotendienst<\/h3>\n<p>Pilot und Flugdienste<\/p>\n<\/div><\/div>\n\n<div class=\"et_pb_module et_pb_button_module_wrapper et_pb_button_0_wrapper preset--module--divi-button--default_wrapper\"><a class=\"et_pb_button_0 et_pb_button et_pb_bg_layout_light et_pb_module et_flex_module preset--module--divi-button--default\" href=\"https:\/\/first-servicing-aviation.com\/de\/flight-services\/\">Pilot Service - read more<\/a><\/div>\n<\/div>\n\n<div class=\"et_pb_group_1 et_pb_group et_pb_module et_flex_group et_pb_css_mix_blend_mode_passthrough card-group\">\n<div class=\"et_pb_image_1 et_pb_image et_pb_module et_flex_module\"><span class=\"et_pb_image_wrap\"><img decoding=\"async\" src=\"https:\/\/first-servicing-aviation.com\/wp-content\/uploads\/csm_sonnenaufgang-michael-esser_c2dbcb6fa1.jpg\" alt=\"First Servicing Aviation Nervous Flyer\" title=\"First Servicing Aviation Nervous Flyer\" width=\"352\" height=\"198\" srcset=\"https:\/\/first-servicing-aviation.com\/wp-content\/uploads\/csm_sonnenaufgang-michael-esser_c2dbcb6fa1.jpg 352w, https:\/\/first-servicing-aviation.com\/wp-content\/uploads\/csm_sonnenaufgang-michael-esser_c2dbcb6fa1-300x169.jpg 300w, https:\/\/first-servicing-aviation.com\/wp-content\/uploads\/csm_sonnenaufgang-michael-esser_c2dbcb6fa1-18x10.jpg 18w\" sizes=\"(max-width: 352px) 100vw, 352px\" class=\"wp-image-187\" \/><\/span><\/div>\n\n<div class=\"et_pb_text_7 et_pb_text et_pb_bg_layout_light et_pb_module et_flex_module\"><div class=\"et_pb_text_inner\"><h3>Nerv\u00f6ser Flyer<\/h3>\n<p>Entspannt fliegen ohne Flugangst.<\/p>\n<\/div><\/div>\n\n<div class=\"et_pb_module et_pb_button_module_wrapper et_pb_button_1_wrapper preset--module--divi-button--default_wrapper\"><a class=\"et_pb_button_1 et_pb_button et_pb_bg_layout_light et_pb_module et_flex_module preset--module--divi-button--default\" href=\"https:\/\/first-servicing-aviation.com\/de\/nervous-flyers\/\">Nervous Flyer - read more<\/a><\/div>\n<\/div>\n\n<div class=\"et_pb_group_2 et_pb_group et-last-child et_pb_module et_flex_group et_pb_css_mix_blend_mode_passthrough card-group\">\n<div class=\"et_pb_image_2 et_pb_image et_pb_module et_flex_module\"><span class=\"et_pb_image_wrap\"><img decoding=\"async\" src=\"https:\/\/first-servicing-aviation.com\/wp-content\/uploads\/csm_book-your-training_774020a4f2.jpg\" alt=\"First Servicing Aviation Book your Trainings\" title=\"First Servicing Aviation Book your Trainings\" width=\"352\" height=\"198\" srcset=\"https:\/\/first-servicing-aviation.com\/wp-content\/uploads\/csm_book-your-training_774020a4f2.jpg 352w, https:\/\/first-servicing-aviation.com\/wp-content\/uploads\/csm_book-your-training_774020a4f2-300x169.jpg 300w, https:\/\/first-servicing-aviation.com\/wp-content\/uploads\/csm_book-your-training_774020a4f2-18x10.jpg 18w\" sizes=\"(max-width: 352px) 100vw, 352px\" class=\"wp-image-184\" \/><\/span><\/div>\n\n<div class=\"et_pb_text_8 et_pb_text et_pb_bg_layout_light et_pb_module et_flex_module\"><div class=\"et_pb_text_inner\"><h3>Buchen Sie Ihre Trainings<\/h3>\n<p>Typenbewertung \/ CRM-Schulungen \/ Gefahrgut \/ FA \/ Erste-Hilfe-Kurs \/ ESET-Schulung<\/p>\n<\/div><\/div>\n\n<div class=\"et_pb_module et_pb_button_module_wrapper et_pb_button_2_wrapper preset--module--divi-button--default_wrapper\"><a class=\"et_pb_button_2 et_pb_button et_pb_bg_layout_light et_pb_module et_flex_module preset--module--divi-button--default\" href=\"https:\/\/first-servicing-aviation.com\/de\/book-your-trainings\/\">Book your Trainings - read more<\/a><\/div>\n<\/div>\n<\/div>\n<\/div>\n<\/div>\n\n<div class=\"et_pb_section_4 et_pb_section et_section_regular et_flex_section\">\n<div class=\"et_pb_row_4 et_pb_row et_flex_row\">\n<div class=\"et_pb_column_6 et_pb_column et-last-child et_flex_column et_pb_css_mix_blend_mode_passthrough et_flex_column_24_24 et_flex_column_24_24_tablet et_flex_column_24_24_phone\">\n<div class=\"et_pb_group_3 et_pb_group et_pb_module et_flex_group et_pb_css_mix_blend_mode_passthrough card-group\">\n<div class=\"et_pb_image_3 et_pb_image et_pb_module et_flex_module\"><span class=\"et_pb_image_wrap\"><img decoding=\"async\" src=\"https:\/\/first-servicing-aviation.com\/wp-content\/uploads\/csm_Flugzeug-innenraum-michael-esser_8f14b4913c.jpg\" alt=\"First Servicing Aviation Book your Aircraft\" title=\"First Servicing Aviation Book your Aircraft\" width=\"352\" height=\"198\" srcset=\"https:\/\/first-servicing-aviation.com\/wp-content\/uploads\/csm_Flugzeug-innenraum-michael-esser_8f14b4913c.jpg 352w, https:\/\/first-servicing-aviation.com\/wp-content\/uploads\/csm_Flugzeug-innenraum-michael-esser_8f14b4913c-300x169.jpg 300w, https:\/\/first-servicing-aviation.com\/wp-content\/uploads\/csm_Flugzeug-innenraum-michael-esser_8f14b4913c-18x10.jpg 18w\" sizes=\"(max-width: 352px) 100vw, 352px\" class=\"wp-image-186\" \/><\/span><\/div>\n\n<div class=\"et_pb_text_9 et_pb_text et_pb_bg_layout_light et_pb_module et_flex_module\"><div class=\"et_pb_text_inner\"><h3>Buchen Sie Ihr Flugzeug<\/h3>\n<p>First Servicing Aviation und Partner.<\/p>\n<\/div><\/div>\n\n<div class=\"et_pb_module et_pb_button_module_wrapper et_pb_button_3_wrapper preset--module--divi-button--default_wrapper\"><a class=\"et_pb_button_3 et_pb_button et_pb_bg_layout_light et_pb_module et_flex_module preset--module--divi-button--default\" href=\"https:\/\/first-servicing-aviation.com\/de\/book-your-aircraft\/\">Book your Aircraft - read more<\/a><\/div>\n<\/div>\n\n<div class=\"et_pb_group_4 et_pb_group et_pb_module et_flex_group et_pb_css_mix_blend_mode_passthrough card-group\">\n<div class=\"et_pb_image_4 et_pb_image et_pb_module et_flex_module\"><span class=\"et_pb_image_wrap\"><img decoding=\"async\" src=\"https:\/\/first-servicing-aviation.com\/wp-content\/uploads\/person_is_drawing_on_an_air_traffic_map_with_a_pen.webp\" alt=\"First Servicing Aviation Ownership Support\" title=\"First Servicing Aviation Ownership Support\" width=\"352\" height=\"199\" srcset=\"https:\/\/first-servicing-aviation.com\/wp-content\/uploads\/person_is_drawing_on_an_air_traffic_map_with_a_pen.webp 352w, https:\/\/first-servicing-aviation.com\/wp-content\/uploads\/person_is_drawing_on_an_air_traffic_map_with_a_pen-300x170.webp 300w, https:\/\/first-servicing-aviation.com\/wp-content\/uploads\/person_is_drawing_on_an_air_traffic_map_with_a_pen-18x10.webp 18w\" sizes=\"(max-width: 352px) 100vw, 352px\" class=\"wp-image-223\" \/><\/span><\/div>\n\n<div class=\"et_pb_text_10 et_pb_text et_pb_bg_layout_light et_pb_module et_flex_module\"><div class=\"et_pb_text_inner\"><h3>Beratung \/ Unterst\u00fctzung<\/h3>\n<p>Unterst\u00fctzung der Eigent\u00fcmer<\/p>\n<\/div><\/div>\n\n<div class=\"et_pb_module et_pb_button_module_wrapper et_pb_button_4_wrapper preset--module--divi-button--default_wrapper\"><a class=\"et_pb_button_4 et_pb_button et_pb_bg_layout_light et_pb_module et_flex_module preset--module--divi-button--default\" href=\"https:\/\/first-servicing-aviation.com\/de\/ownership-support\/\">Consultant \/ Support - read more<\/a><\/div>\n<\/div>\n\n<div class=\"et_pb_group_5 et_pb_group et-last-child et_pb_module et_flex_group et_pb_css_mix_blend_mode_passthrough card-group\">\n<div class=\"et_pb_image_5 et_pb_image et_pb_module et_flex_module\"><\/div>\n\n<div class=\"et_pb_text_11 et_pb_text et_pb_bg_layout_light et_pb_module et_flex_module\"><\/div>\n<\/div>\n<\/div>\n<\/div>\n<\/div>","protected":false},"excerpt":{"rendered":"","protected":false},"author":2,"featured_media":0,"parent":0,"menu_order":0,"comment_status":"closed","ping_status":"closed","template":"","meta":{"footnotes":""},"hf_cat_page":[],"class_list":["post-28","page","type-page","status-publish","hentry"],"_links":{"self":[{"href":"https:\/\/first-servicing-aviation.com\/de\/wp-json\/wp\/v2\/pages\/28","targetHints":{"allow":["GET"]}}],"collection":[{"href":"https:\/\/first-servicing-aviation.com\/de\/wp-json\/wp\/v2\/pages"}],"about":[{"href":"https:\/\/first-servicing-aviation.com\/de\/wp-json\/wp\/v2\/types\/page"}],"author":[{"embeddable":true,"href":"https:\/\/first-servicing-aviation.com\/de\/wp-json\/wp\/v2\/users\/2"}],"replies":[{"embeddable":true,"href":"https:\/\/first-servicing-aviation.com\/de\/wp-json\/wp\/v2\/comments?post=28"}],"version-history":[{"count":106,"href":"https:\/\/first-servicing-aviation.com\/de\/wp-json\/wp\/v2\/pages\/28\/revisions"}],"predecessor-version":[{"id":596,"href":"https:\/\/first-servicing-aviation.com\/de\/wp-json\/wp\/v2\/pages\/28\/revisions\/596"}],"wp:attachment":[{"href":"https:\/\/first-servicing-aviation.com\/de\/wp-json\/wp\/v2\/media?parent=28"}],"wp:term":[{"taxonomy":"hf_cat_page","embeddable":true,"href":"https:\/\/first-servicing-aviation.com\/de\/wp-json\/wp\/v2\/hf_cat_page?post=28"}],"curies":[{"name":"wp","href":"https:\/\/api.w.org\/{rel}","templated":true}]}}